{"id":247,"date":"2020-09-07T23:08:01","date_gmt":"2020-09-07T21:08:01","guid":{"rendered":"https:\/\/medic-trockenbau.de\/?page_id=247"},"modified":"2020-11-01T20:07:25","modified_gmt":"2020-11-01T19:07:25","slug":"home","status":"publish","type":"page","link":"https:\/\/medic-trockenbau.de\/","title":{"rendered":"Home"},"content":{"rendered":"\n<div class=\"alignnormal\"><div id=\"metaslider-id-256\" style=\"width: 100%;\" class=\"ml-slider-3-109-0 metaslider metaslider-flex metaslider-256 ml-slider has-dots-nav ms-theme-default\" role=\"region\" aria-label=\"Home\" data-height=\"400\" data-width=\"1000\">\n    <div id=\"metaslider_container_256\">\n        <div id=\"metaslider_256\">\n            <ul class='slides'>\n                <li style=\"display: block; width: 100%;\" class=\"slide-257 ms-image \" aria-roledescription=\"slide\" data-date=\"2020-09-07 23:25:17\" data-filename=\"Neues-Projekt-1000x400.jpg\" data-slide-type=\"image\"><img loading=\"lazy\" decoding=\"async\" src=\"https:\/\/medic-trockenbau.de\/wp-content\/uploads\/2020\/08\/Neues-Projekt-1000x400.jpg\" height=\"400\" width=\"1000\" alt=\"\u00dcBER UNS\" class=\"slider-256 slide-257 msDefaultImage\" \/><\/li>\n                <li style=\"display: none; width: 100%;\" class=\"slide-258 ms-image \" aria-roledescription=\"slide\" data-date=\"2020-09-07 23:25:17\" data-filename=\"Leistungen_zugeschnitten-1000x400.jpg\" data-slide-type=\"image\"><img loading=\"lazy\" decoding=\"async\" src=\"https:\/\/medic-trockenbau.de\/wp-content\/uploads\/2020\/08\/Leistungen_zugeschnitten-1000x400.jpg\" height=\"400\" width=\"1000\" alt=\"\" class=\"slider-256 slide-258 msDefaultImage\" title=\"Leistungen_zugeschnitten\" \/><\/li>\n                <li style=\"display: none; width: 100%;\" class=\"slide-259 ms-image \" aria-roledescription=\"slide\" data-date=\"2020-09-07 23:25:17\" data-filename=\"Referenzen_zugeschnitten-1000x400.jpg\" data-slide-type=\"image\"><img loading=\"lazy\" decoding=\"async\" src=\"https:\/\/medic-trockenbau.de\/wp-content\/uploads\/2020\/08\/Referenzen_zugeschnitten-1000x400.jpg\" height=\"400\" width=\"1000\" alt=\"\" class=\"slider-256 slide-259 msDefaultImage\" title=\"Referenzen_zugeschnitten\" \/><\/li>\n                <li style=\"display: none; width: 100%;\" class=\"slide-260 ms-image \" aria-roledescription=\"slide\" data-date=\"2020-09-07 23:25:17\" data-filename=\"Kontakt_zugeschnitten-1000x400.jpg\" data-slide-type=\"image\"><img loading=\"lazy\" decoding=\"async\" src=\"https:\/\/medic-trockenbau.de\/wp-content\/uploads\/2020\/08\/Kontakt_zugeschnitten-1000x400.jpg\" height=\"400\" width=\"1000\" alt=\"\" class=\"slider-256 slide-260 msDefaultImage\" title=\"Kontakt_zugeschnitten\" \/><div class=\"caption-wrap\"><div class=\"caption\">KONTAKTIEREN SIE UNS!<\/div><\/div><\/li>\n                <li style=\"display: none; width: 100%;\" class=\"slide-261 ms-image \" aria-roledescription=\"slide\" data-date=\"2020-09-07 23:25:17\" data-filename=\"Neues-Projekt-1000x400.jpg\" data-slide-type=\"image\"><img loading=\"lazy\" decoding=\"async\" src=\"https:\/\/medic-trockenbau.de\/wp-content\/uploads\/2020\/08\/Neues-Projekt-1000x400.jpg\" height=\"400\" width=\"1000\" alt=\"\u00dcBER UNS\" class=\"slider-256 slide-261 msDefaultImage\" \/><\/li>\n            <\/ul>\n        <\/div>\n        \n    <\/div>\n<\/div><\/div>\n\n\n<div id=\"pl-gb247-69fdc3dae2070\"  class=\"panel-layout\" ><div id=\"pg-gb247-69fdc3dae2070-0\"  class=\"panel-grid panel-has-style\" ><div class=\"siteorigin-panels-stretch panel-row-style panel-row-style-for-gb247-69fdc3dae2070-0\" data-stretch-type=\"full\" data-overlay-opactity=\"1\" ><div id=\"pgc-gb247-69fdc3dae2070-0-0\"  class=\"panel-grid-cell\" ><div id=\"panel-gb247-69fdc3dae2070-0-0-0\" class=\"so-panel widget widget_themegrill_flash_heading tg-widget section-title-wrapper panel-first-child\" data-index=\"0\" >\t<div class=\"heading heading-center divider-without-icon no-divider\">\r\n\t<h3 class=\"section-title\">Willkommen bei der Trockenbau Medic GmbH!<\/h3>\r\n<\/div>\r\n<\/div><div id=\"panel-gb247-69fdc3dae2070-0-0-1\" class=\"so-panel widget widget_text panel-last-child\" data-index=\"1\" >\t\t\t<div class=\"textwidget\"><p><center>Als ein Unternehmen mit \u00fcber 30-j\u00e4hriger Erfahrung haben wir unser K\u00f6nnen durch renommierte Projekte in der Region bewiesen. Wir zeigen Ihnen unsere Expertise nicht nur bei herk\u00f6mmlichen Trockenbauarbeiten, sondern bieten Ihnen auch schallschutz-, sowie brandschutzspezifische L\u00f6sungen an. Wir sind ein erfolgreiches Unternehmen, das auf viele zufriedene Kunden und Partner, aus dem privaten und gewerblichen Bereich zur\u00fcckschaut.<\/center><center><\/center><center>Als inhabergef\u00fchrtes Unternehmen k\u00f6nnen wir individuell, flexibel und pr\u00e4zise auf Ihre W\u00fcnsche und Vorstellungen eingehen. Eine gute Beratung, h\u00f6chste Qualit\u00e4t und eine zuverl\u00e4ssige Ausf\u00fchrung zeichnen uns als Ihren Ansprechpartner aus!<\/center><center><\/center><center>Wenn Sie Interesse an einer erfolgreichen Zusammenarbeit haben, dann k\u00f6nnen Sie uns gerne kontaktieren. Wir freuen uns auf Sie!<\/center><\/p>\n<\/div>\n\t\t<\/div><\/div><\/div><\/div><div id=\"pg-gb247-69fdc3dae2070-1\"  class=\"panel-grid panel-has-style\" ><div class=\"siteorigin-panels-stretch panel-row-style panel-row-style-for-gb247-69fdc3dae2070-1\" data-stretch-type=\"full\" data-overlay-opactity=\"1\" ><div id=\"pgc-gb247-69fdc3dae2070-1-0\"  class=\"panel-grid-cell\" ><div id=\"panel-gb247-69fdc3dae2070-1-0-0\" class=\"so-panel widget widget_themegrill_flash_service tg-widget tg-single-service panel-first-child panel-last-child\" data-index=\"2\" ><div class=\"tg-service-widget tg-service-layout-2\">\r\n\t<div class=\"service-wrapper\">\r\n\t\t\t\t<div class=\"service-icon-title-wrapper\">\r\n\t\t\t\t\t\t\t\t\t\t<div class=\"service-icon-wrap\"><i class=\"fa fa-codepen\"><\/i><\/div>\r\n\t\t\t\t\t\t\t\t\t\t\t<\/div>\r\n\t\t\t\t\t\t\t\t\t\t<h3 class=\"service-title-wrap\">\r\n\t\t\t\t\tQualit\u00e4t &amp; Pr\u00e4zision\t\t\t\t\t\t\t\t\t\t<\/h3>\r\n\t\t\t\t\t\t\t\t\t\t<div class=\"service-content-wrap\">Diese beiden Attribute bilden die Basis unserer Arbeit. Mit Qualit\u00e4t und Pr\u00e4zision konnten wir zahlreiche Projekte erfolgreich verwirklichen.<\/div>\r\n\t\t\t\t\t\t\t\t\t\t<\/div>\r\n<\/div>\r\n<\/div><\/div><div id=\"pgc-gb247-69fdc3dae2070-1-1\"  class=\"panel-grid-cell\" ><div id=\"panel-gb247-69fdc3dae2070-1-1-0\" class=\"so-panel widget widget_themegrill_flash_service tg-widget tg-single-service panel-first-child panel-last-child\" data-index=\"3\" ><div class=\"tg-service-widget tg-service-layout-2\">\r\n\t<div class=\"service-wrapper\">\r\n\t\t\t\t<div class=\"service-icon-title-wrapper\">\r\n\t\t\t\t\t\t\t\t\t\t<div class=\"service-icon-wrap\"><i class=\"fa fa-handshake-o\"><\/i><\/div>\r\n\t\t\t\t\t\t\t\t\t\t\t<\/div>\r\n\t\t\t\t\t\t\t\t\t\t<h3 class=\"service-title-wrap\">\r\n\t\t\t\t\tZuverl\u00e4ssigkeit &amp; Flexibilit\u00e4t\t\t\t\t\t\t\t\t\t\t<\/h3>\r\n\t\t\t\t\t\t\t\t\t\t<div class=\"service-content-wrap\">Zuverl\u00e4ssigkeit und Flexibilit\u00e4t zeichnet uns bei unserer Arbeit aus. Vor allem durch unsere Zuverl\u00e4ssigkeit konnten wir in den vergangenen Jahren zahlreiche Kunden gewinnen.\n <\/div>\r\n\t\t\t\t\t\t\t\t\t\t<\/div>\r\n<\/div>\r\n<\/div><\/div><div id=\"pgc-gb247-69fdc3dae2070-1-2\"  class=\"panel-grid-cell\" ><div id=\"panel-gb247-69fdc3dae2070-1-2-0\" class=\"so-panel widget widget_themegrill_flash_service tg-widget tg-single-service panel-first-child panel-last-child\" data-index=\"4\" ><div class=\"tg-service-widget tg-service-layout-2\">\r\n\t<div class=\"service-wrapper\">\r\n\t\t\t\t<div class=\"service-icon-title-wrapper\">\r\n\t\t\t\t\t\t\t\t\t\t<div class=\"service-icon-wrap\"><i class=\"fa fa-star\"><\/i><\/div>\r\n\t\t\t\t\t\t\t\t\t\t\t<\/div>\r\n\t\t\t\t\t\t\t\t\t\t<h3 class=\"service-title-wrap\">\r\n\t\t\t\t\t30 Jahre Erfahrung\t\t\t\t\t\t\t\t\t\t<\/h3>\r\n\t\t\t\t\t\t\t\t\t\t<div class=\"service-content-wrap\">Seit 1989 sind wir ein leistungsstarker und erfolgreicher Betrieb, der seine Erfahrung einsetzt, um seinen Kunden die bestm\u00f6gliche Leistung zu gew\u00e4hrleisten.\n <\/div>\r\n\t\t\t\t\t\t\t\t\t\t<\/div>\r\n<\/div>\r\n<\/div><\/div><\/div><\/div><div id=\"pg-gb247-69fdc3dae2070-2\"  class=\"panel-grid panel-has-style\" ><div class=\"siteorigin-panels-stretch panel-row-style panel-row-style-for-gb247-69fdc3dae2070-2\" data-stretch-type=\"full\" data-overlay-opactity=\"1\" ><div id=\"pgc-gb247-69fdc3dae2070-2-0\"  class=\"panel-grid-cell\" ><div id=\"panel-gb247-69fdc3dae2070-2-0-0\" class=\"so-panel widget widget_themegrill_flash_heading tg-widget section-title-wrapper panel-first-child panel-last-child\" data-index=\"5\" >\t<div class=\"heading heading-center divider-without-icon no-divider\">\r\n\t<h3 class=\"section-title\">Unser Leistungsspektrum<\/h3>\r\n<\/div>\r\n<\/div><\/div><\/div><\/div><div id=\"pg-gb247-69fdc3dae2070-3\"  class=\"panel-grid panel-has-style\" ><div class=\"siteorigin-panels-stretch panel-row-style panel-row-style-for-gb247-69fdc3dae2070-3\" data-stretch-type=\"full\" data-overlay-opactity=\"1\" ><div id=\"pgc-gb247-69fdc3dae2070-3-0\"  class=\"panel-grid-cell\" ><div id=\"panel-gb247-69fdc3dae2070-3-0-0\" class=\"so-panel widget widget_themegrill_flash_image tg-widget tg-image-widget panel-first-child\" data-index=\"6\" ><div class=\"tg-image-block\">\r\n\t\t\t<img decoding=\"async\" src=\"https:\/\/medic-trockenbau.de\/wp-content\/uploads\/2020\/08\/Bilderfolgen-scaled.jpg\" alt=\"\" \/>\r\n\t\t<\/div>\r\n<\/div><div id=\"panel-gb247-69fdc3dae2070-3-0-1\" class=\"so-panel widget widget_text panel-last-child\" data-index=\"7\" >\t\t\t<div class=\"textwidget\"><p><center>W\u00e4nde<\/center><\/p>\n<\/div>\n\t\t<\/div><\/div><div id=\"pgc-gb247-69fdc3dae2070-3-1\"  class=\"panel-grid-cell\" ><div id=\"panel-gb247-69fdc3dae2070-3-1-0\" class=\"so-panel widget widget_themegrill_flash_image tg-widget tg-image-widget panel-first-child\" data-index=\"8\" ><div class=\"tg-image-block\">\r\n\t\t\t<img decoding=\"async\" src=\"https:\/\/medic-trockenbau.de\/wp-content\/uploads\/2020\/08\/Bilderfolgen-scaled.jpg\" alt=\"\" \/>\r\n\t\t<\/div>\r\n<\/div><div id=\"panel-gb247-69fdc3dae2070-3-1-1\" class=\"so-panel widget widget_text panel-last-child\" data-index=\"9\" >\t\t\t<div class=\"textwidget\"><p><center>Decken<\/center><\/p>\n<\/div>\n\t\t<\/div><\/div><div id=\"pgc-gb247-69fdc3dae2070-3-2\"  class=\"panel-grid-cell\" ><div id=\"panel-gb247-69fdc3dae2070-3-2-0\" class=\"so-panel widget widget_themegrill_flash_image tg-widget tg-image-widget panel-first-child\" data-index=\"10\" ><div class=\"tg-image-block\">\r\n\t\t\t<img decoding=\"async\" src=\"https:\/\/medic-trockenbau.de\/wp-content\/uploads\/2020\/08\/Bilderfolgen-scaled.jpg\" alt=\"\" \/>\r\n\t\t<\/div>\r\n<\/div><div id=\"panel-gb247-69fdc3dae2070-3-2-1\" class=\"so-panel widget widget_text panel-last-child\" data-index=\"11\" >\t\t\t<div class=\"textwidget\"><p><center>Dachausbau<\/center><\/p>\n<\/div>\n\t\t<\/div><\/div><div id=\"pgc-gb247-69fdc3dae2070-3-3\"  class=\"panel-grid-cell\" ><div id=\"panel-gb247-69fdc3dae2070-3-3-0\" class=\"so-panel widget widget_themegrill_flash_image tg-widget tg-image-widget panel-first-child\" data-index=\"12\" ><div class=\"tg-image-block\">\r\n\t\t\t<img decoding=\"async\" src=\"https:\/\/medic-trockenbau.de\/wp-content\/uploads\/2020\/08\/Bilderfolgen-scaled.jpg\" alt=\"\" \/>\r\n\t\t<\/div>\r\n<\/div><div id=\"panel-gb247-69fdc3dae2070-3-3-1\" class=\"so-panel widget widget_text panel-last-child\" data-index=\"13\" >\t\t\t<div class=\"textwidget\"><p><center>Fu\u00dfboden-Systeme<\/center><\/p>\n<\/div>\n\t\t<\/div><\/div><div id=\"pgc-gb247-69fdc3dae2070-3-4\"  class=\"panel-grid-cell\" ><div id=\"panel-gb247-69fdc3dae2070-3-4-0\" class=\"so-panel widget widget_themegrill_flash_image tg-widget tg-image-widget panel-first-child\" data-index=\"14\" ><div class=\"tg-image-block\">\r\n\t\t\t<img decoding=\"async\" src=\"https:\/\/medic-trockenbau.de\/wp-content\/uploads\/2020\/08\/Bilderfolgen-scaled.jpg\" alt=\"\" \/>\r\n\t\t<\/div>\r\n<\/div><div id=\"panel-gb247-69fdc3dae2070-3-4-1\" class=\"so-panel widget widget_text panel-last-child\" data-index=\"15\" >\t\t\t<div class=\"textwidget\"><p><center>Gipsdielen<\/center><\/p>\n<\/div>\n\t\t<\/div><\/div><div id=\"pgc-gb247-69fdc3dae2070-3-5\"  class=\"panel-grid-cell\" ><div id=\"panel-gb247-69fdc3dae2070-3-5-0\" class=\"so-panel widget widget_themegrill_flash_image tg-widget tg-image-widget panel-first-child\" data-index=\"16\" ><div class=\"tg-image-block\">\r\n\t\t\t<img decoding=\"async\" src=\"https:\/\/medic-trockenbau.de\/wp-content\/uploads\/2020\/08\/Bilderfolgen-scaled.jpg\" alt=\"\" \/>\r\n\t\t<\/div>\r\n<\/div><div id=\"panel-gb247-69fdc3dae2070-3-5-1\" class=\"so-panel widget widget_text panel-last-child\" data-index=\"17\" >\t\t\t<div class=\"textwidget\"><p><center>Brandschutzbekleidungen<\/center><\/p>\n<\/div>\n\t\t<\/div><\/div><\/div><\/div><div id=\"pg-gb247-69fdc3dae2070-4\"  class=\"panel-grid panel-has-style\" ><div class=\"siteorigin-panels-stretch panel-row-style panel-row-style-for-gb247-69fdc3dae2070-4\" data-stretch-type=\"full\" data-overlay-opactity=\"1\" ><div id=\"pgc-gb247-69fdc3dae2070-4-0\"  class=\"panel-grid-cell\" ><div id=\"panel-gb247-69fdc3dae2070-4-0-0\" class=\"so-panel widget widget_themegrill_flash_button tg-widget tg-button-widget panel-first-child panel-last-child\" data-index=\"18\" ><div class=\"flash_inherit_color panel-widget-style panel-widget-style-for-gb247-69fdc3dae2070-4-0-0\" >\r\n<div class=\"tg-btn__container tg-btn__container--btn-center\">\r\n\t\t<a  class=\"tg-button tg-button--flat tg-button--small\" href=\"https:\/\/medic-trockenbau.de\/?page_id=8\">\r\n\t\t<span class=\"tg-button__label\">Mehr lesen<\/span>\r\n\t<\/a>\r\n<\/div>\r\n<\/div><\/div><\/div><\/div><\/div><div id=\"pg-gb247-69fdc3dae2070-5\"  class=\"panel-grid panel-has-style\" ><div data-overlay-opactity=\"1\" class=\"panel-row-style panel-row-style-for-gb247-69fdc3dae2070-5\" ><div id=\"pgc-gb247-69fdc3dae2070-5-0\"  class=\"panel-grid-cell\" ><div id=\"panel-gb247-69fdc3dae2070-5-0-0\" class=\"so-panel widget widget_themegrill_flash_about tg-widget tg-about-widget about-section panel-first-child panel-last-child\" data-index=\"19\" >\r\n<div class=\"tg-column-wrapper tg-about-widget-layout-1\">\r\n\t<div class=\"about-content-wrapper tg-column-2\">\r\n\t\t\t\t<h3 class=\"section-title\">\u00dcber uns<\/h3>\r\n\t\t\t\t\t\t<div class=\"section-description\">Die Trockenbau Medic GmbH ist ein tatkr\u00e4ftiges Familienunternehmen, mit mehr als 30 Jahren Erfahrung. Seit unserer Gr\u00fcndung im Jahr 1989 konnten wir unseren Kundenstamm stetig erweitern und festigen, nicht zuletzt durch Qualit\u00e4t, Zuverl\u00e4ssigkeit und Zeitmanagement.<\/div>\r\n\t\t\t\t\t\t<div class=\"btn-wrapper\">\r\n\t\t\t<a class=\"about-more\" href=\"https:\/\/medic-trockenbau.de\/?page_id=10\">Mehr erfahren \u00fcber die Trockenbau Medic GmbH<\/a>\r\n\t\t<\/div>\r\n\t\t\t<\/div>\r\n\t\t\t\t<figure class=\"about-section-image tg-column-2\">\r\n\t\t<img decoding=\"async\" src=\"https:\/\/medic-trockenbau.de\/wp-content\/uploads\/2020\/08\/pexels-la-miko-3614763-scaled.jpg\" alt=\"\u00dcber uns\" \/>\r\n\t<\/figure>\r\n\t\t<\/div>\r\n<\/div><\/div><\/div><\/div><\/div>\n\n\n<p><\/p>\n ","protected":false},"excerpt":{"rendered":"","protected":false},"author":2,"featured_media":0,"parent":0,"menu_order":0,"comment_status":"closed","ping_status":"closed","template":"","meta":{"footnotes":""},"class_list":["post-247","page","type-page","status-publish","hentry"],"_links":{"self":[{"href":"https:\/\/medic-trockenbau.de\/index.php?rest_route=\/wp\/v2\/pages\/247","targetHints":{"allow":["GET"]}}],"collection":[{"href":"https:\/\/medic-trockenbau.de\/index.php?rest_route=\/wp\/v2\/pages"}],"about":[{"href":"https:\/\/medic-trockenbau.de\/index.php?rest_route=\/wp\/v2\/types\/page"}],"author":[{"embeddable":true,"href":"https:\/\/medic-trockenbau.de\/index.php?rest_route=\/wp\/v2\/users\/2"}],"replies":[{"embeddable":true,"href":"https:\/\/medic-trockenbau.de\/index.php?rest_route=%2Fwp%2Fv2%2Fcomments&post=247"}],"version-history":[{"count":11,"href":"https:\/\/medic-trockenbau.de\/index.php?rest_route=\/wp\/v2\/pages\/247\/revisions"}],"predecessor-version":[{"id":304,"href":"https:\/\/medic-trockenbau.de\/index.php?rest_route=\/wp\/v2\/pages\/247\/revisions\/304"}],"wp:attachment":[{"href":"https:\/\/medic-trockenbau.de\/index.php?rest_route=%2Fwp%2Fv2%2Fmedia&parent=247"}],"curies":[{"name":"wp","href":"https:\/\/api.w.org\/{rel}","templated":true}]}}