{"id":10,"date":"2020-07-26T15:27:29","date_gmt":"2020-07-26T13:27:29","guid":{"rendered":"https:\/\/medic-trockenbau.de\/?page_id=10"},"modified":"2020-08-23T14:43:55","modified_gmt":"2020-08-23T12:43:55","slug":"ueber-uns","status":"publish","type":"page","link":"https:\/\/medic-trockenbau.de\/?page_id=10","title":{"rendered":"\u00dcber uns"},"content":{"rendered":"\n<div class=\"wp-block-group alignfull is-layout-flow wp-block-group-is-layout-flow\"><div class=\"wp-block-group__inner-container\"><\/div><\/div>\n\n\n<div id=\"pl-gb10-69f2c2024fadc\"  class=\"panel-layout\" ><div id=\"pg-gb10-69f2c2024fadc-0\"  class=\"panel-grid panel-has-style\" ><div class=\"siteorigin-panels-stretch panel-row-style panel-row-style-for-gb10-69f2c2024fadc-0\" data-stretch-type=\"full-width-stretch\" ><div id=\"pgc-gb10-69f2c2024fadc-0-0\"  class=\"panel-grid-cell\" ><div id=\"panel-gb10-69f2c2024fadc-0-0-0\" class=\"so-panel widget widget_themegrill_flash_hero tg-widget tg-hero-widget panel-first-child panel-last-child\" data-index=\"0\" >\r\n<div class=\"tg-hero tg-hero--default tg-hero--left\">\r\n\t<div class=\"tg-hero-info\">\r\n\t\t<div class=\"tg-hero-info-inner\">\r\n\t\t\t<div class=\"tg-hero-cell\">\r\n\t\t\t\t<h1 class=\"tg-hero__title\"  style='font-family:Lato';>\u00dcBER UNS<\/h1>\r\n\t\t\t\t<p class=\"tg-hero__subtitle\"  style='font-family:Lato';><\/p>\r\n\t\t\t\t<div class=\"tg-btn__container\">\r\n\t\t\t\t\t\t\t\t\t<\/div> <!-- .tg-btn__container -->\r\n\t\t\t<\/div> <!-- .tg-hero-cell -->\r\n\t\t<\/div> <!-- tg-hero-inner -->\r\n\t<\/div> <!-- .tg-hero-info -->\r\n\r\n\t<div class=\"tg-hero-thumbnail\">\r\n\t\t<img decoding=\"async\" src=\"https:\/\/medic-trockenbau.de\/wp-content\/uploads\/2020\/08\/Neues-Projekt.jpg\" alt=\"\">\r\n\t<\/div> <!-- tg-hero-thumbnail -->\r\n\t<div class=\"clearfix\"><\/div>\r\n<\/div> <!-- tg-hero -->\r\n<\/div><\/div><\/div><\/div><div id=\"pg-gb10-69f2c2024fadc-1\"  class=\"panel-grid panel-has-style\" ><div data-overlay-opactity=\"1\" class=\"panel-row-style panel-row-style-for-gb10-69f2c2024fadc-1\" ><div id=\"pgc-gb10-69f2c2024fadc-1-0\"  class=\"panel-grid-cell\" ><div id=\"panel-gb10-69f2c2024fadc-1-0-0\" class=\"so-panel widget widget_themegrill_flash_heading tg-widget section-title-wrapper panel-first-child\" data-index=\"1\" >\t<div class=\"heading heading-center divider-without-icon no-divider\">\r\n\t<h3 class=\"section-title\">Unsere Firmengeschichte<\/h3>\r\n<\/div>\r\n<\/div><div id=\"panel-gb10-69f2c2024fadc-1-0-1\" class=\"so-panel widget widget_text\" data-index=\"2\" >\t\t\t<div class=\"textwidget\"><p><code><\/code><\/p>\n<p><center>Die Trockenbau Medic GmbH ist ein tatkr\u00e4ftiges Familienunternehmen, mit mehr als 30 Jahren Erfahrung. Seit unserer Gr\u00fcndung im Jahr 1989 konnten wir unseren Kundenstamm stetig erweitern und festigen, nicht zuletzt durch Qualit\u00e4t, Zuverl\u00e4ssigkeit und Zeitmanagement.<code><\/code><\/center><center>Wir sind in zahlreichen Regionen in Baden-W\u00fcrttemberg t\u00e4tig und bieten unseren Kunden qualititiv hochwertige Trockenbaul\u00f6sungen an, die auf Ihre Bed\u00fcrfnisse zugeschnitten sind. Im Fokus steht dabei eine einwandfreie und zuverl\u00e4ssige Leistung.<\/center><\/p>\n<\/div>\n\t\t<\/div><div id=\"panel-gb10-69f2c2024fadc-1-0-2\" class=\"so-panel widget widget_themegrill_flash_heading tg-widget section-title-wrapper\" data-index=\"3\" >\t<div class=\"heading heading-center divider-without-icon no-divider\">\r\n\t<h3 class=\"section-title\">Unser Team<\/h3>\r\n<\/div>\r\n<\/div><div id=\"panel-gb10-69f2c2024fadc-1-0-3\" class=\"so-panel widget widget_text\" data-index=\"4\" >\t\t\t<div class=\"textwidget\"><p><center>Das Herzst\u00fcck unseres Unternehmens ist unser dynamisches und qualifiziertes Team, das mit Zuverl\u00e4ssigkeit und Pflichtbewusstsein zahlreiche Projekte verwirklicht. <\/center><\/p>\n<\/div>\n\t\t<\/div><div id=\"panel-gb10-69f2c2024fadc-1-0-4\" class=\"so-panel widget widget_themegrill_flash_image tg-widget tg-image-widget panel-last-child\" data-index=\"5\" ><div class=\"tg-image-block\">\r\n\t\t\t<img decoding=\"async\" src=\"https:\/\/medic-trockenbau.de\/wp-content\/uploads\/2020\/08\/Bilderfolgen-scaled.jpg\" alt=\"\" \/>\r\n\t\t<\/div>\r\n<\/div><\/div><\/div><\/div><\/div>\n\n\n<p><\/p>\n ","protected":false},"excerpt":{"rendered":"","protected":false},"author":1,"featured_media":0,"parent":0,"menu_order":0,"comment_status":"closed","ping_status":"closed","template":"","meta":{"footnotes":""},"class_list":["post-10","page","type-page","status-publish","hentry"],"_links":{"self":[{"href":"https:\/\/medic-trockenbau.de\/index.php?rest_route=\/wp\/v2\/pages\/10","targetHints":{"allow":["GET"]}}],"collection":[{"href":"https:\/\/medic-trockenbau.de\/index.php?rest_route=\/wp\/v2\/pages"}],"about":[{"href":"https:\/\/medic-trockenbau.de\/index.php?rest_route=\/wp\/v2\/types\/page"}],"author":[{"embeddable":true,"href":"https:\/\/medic-trockenbau.de\/index.php?rest_route=\/wp\/v2\/users\/1"}],"replies":[{"embeddable":true,"href":"https:\/\/medic-trockenbau.de\/index.php?rest_route=%2Fwp%2Fv2%2Fcomments&post=10"}],"version-history":[{"count":6,"href":"https:\/\/medic-trockenbau.de\/index.php?rest_route=\/wp\/v2\/pages\/10\/revisions"}],"predecessor-version":[{"id":135,"href":"https:\/\/medic-trockenbau.de\/index.php?rest_route=\/wp\/v2\/pages\/10\/revisions\/135"}],"wp:attachment":[{"href":"https:\/\/medic-trockenbau.de\/index.php?rest_route=%2Fwp%2Fv2%2Fmedia&parent=10"}],"curies":[{"name":"wp","href":"https:\/\/api.w.org\/{rel}","templated":true}]}}